{"id":28677,"date":"2025-07-13T00:58:53","date_gmt":"2025-07-12T21:58:53","guid":{"rendered":"https:\/\/limanors.com\/?post_type=product&#038;p=28677"},"modified":"2026-04-04T18:07:19","modified_gmt":"2026-04-04T15:07:19","slug":"%d9%85%d8%b2%d9%8a%d9%84-%d8%a7%d9%84%d8%b9%d8%b1%d9%82-protect-care","status":"publish","type":"product","link":"https:\/\/limanors.com\/fr\/product\/%d9%85%d8%b2%d9%8a%d9%84-%d8%a7%d9%84%d8%b9%d8%b1%d9%82-protect-care\/","title":{"rendered":"PROTECT&#038;CARE"},"content":{"rendered":"<p>\u0643\u0631\u064a\u0645 \u0645\u0632\u064a\u0644 \u0639\u0631\u0642 \u0637\u0628\u064a\u0639\u064a\u060c \u0644\u0643\u0646 \u0647\u0630\u0647 \u0627\u0644\u0645\u0631\u0629 \u0628\u0646\u0633\u062e\u0629 Protect &amp; Care\u060c \u0648\u0647\u064a \u0645\u0635\u0645\u0645\u0629 \u062e\u0635\u064a\u0635\u064b\u0627 \u0644\u0644\u0639\u0646\u0627\u064a\u0629 \u0628\u0627\u0644\u0628\u0634\u0631\u0629 \u0627\u0644\u062d\u0633\u0627\u0633\u0629 \u0648\u0627\u0644\u0628\u0627\u062d\u062b\u064a\u0646 \u0639\u0646 \u062a\u0631\u0643\u064a\u0628\u0629 \u062e\u0627\u0644\u064a\u0629 \u062a\u0645\u0627\u0645\u064b\u0627 \u0645\u0646 \u0623\u064a \u0645\u0647\u064a\u062c\u0627\u062a.<br \/>\n\ud83e\uddf4 \u062e\u0635\u0627\u0626\u0635 \u0645\u0646\u062a\u062c Protect &amp; Care \u2013 Cr\u00e8me D\u00e9odorant Naturel<br \/>\n1. \u0627\u0644\u0627\u0633\u0645: Protect &amp; Care<br \/>\n2. \u0627\u0644\u0646\u0648\u0639: \u0643\u0631\u064a\u0645 \u0645\u0632\u064a\u0644 \u0639\u0631\u0642 \u0637\u0628\u064a\u0639\u064a.<br \/>\n3. \u0627\u0644\u0639\u0644\u0627\u0645\u0629: LIMANORS (\u0644\u064a\u0645\u0627\u0646\u0648\u0631\u0633).<br \/>\n4. \u0627\u0644\u0627\u0633\u062a\u0639\u0645\u0627\u0644: \u0644\u0644\u0646\u0633\u0627\u0621 \u0648\u0627\u0644\u0631\u062c\u0627\u0644\u060c \u062e\u0635\u0648\u0635\u064b\u0627 \u0623\u0635\u062d\u0627\u0628 \u0627\u0644\u0628\u0634\u0631\u0629 \u0627\u0644\u062d\u0633\u0627\u0633\u0629.<br \/>\n5. \u0627\u0644\u062a\u0631\u0643\u064a\u0628\u0629:<br \/>\n\u2022 \u0628\u062f\u0648\u0646 \u0623\u0644\u0645\u0646\u064a\u0648\u0645 (Sans Aluminium)<br \/>\n\u2022 \u0628\u062f\u0648\u0646 \u0628\u0627\u0631\u0627\u0628\u064a\u0646 (Sans Paraben)<br \/>\n\u2022 \u062e\u0627\u0644\u064a\u0629 \u0645\u0646 \u0627\u0644\u0645\u0648\u0627\u062f \u0627\u0644\u0643\u064a\u0645\u064a\u0627\u0626\u064a\u0629<br \/>\n6. \u0645\u062f\u0629 \u0627\u0644\u0641\u0639\u0627\u0644\u064a\u0629: \u064a\u062f\u0648\u0645 \u062d\u062a\u0649 48 \u0633\u0627\u0639\u0629.<br \/>\n7. \u0627\u0644\u0633\u0639\u0629: 50 \u063a\u0631\u0627\u0645.<br \/>\n8. \u0627\u0644\u0645\u0644\u0645\u0633: \u0643\u0631\u064a\u0645 \u0646\u0627\u0639\u0645\u060c \u063a\u064a\u0631 \u062f\u0647\u0646\u064a\u060c \u064a\u0645\u062a\u0635 \u0628\u0633\u0631\u0639\u0629 \u0648\u0644\u0627 \u064a\u062a\u0631\u0643 \u0623\u064a \u0623\u062b\u0631 \u0639\u0644\u0649 \u0627\u0644\u0645\u0644\u0627\u0628\u0633.<br \/>\n9. \u0627\u0644\u0641\u0627\u0626\u062f\u0629:<br \/>\n\u2022 Pr\u00e9vient les odeurs d\u00e9sagr\u00e9ables sans perturber la transpiration naturelle du corps.<br \/>\n\u2022 \u0644\u0637\u064a\u0641 \u0639\u0644\u0649 \u0627\u0644\u0628\u0634\u0631\u0629 \u0648\u0644\u0627 \u064a\u0633\u0628\u0628 \u062a\u0647\u064a\u062c\u064b\u0627.<br \/>\n\u2022 Offre une protection efficace avec une hydratation l\u00e9g\u00e8re pour la peau.<br \/>\n10. \u0645\u0646\u0627\u0633\u0628 \u0644\u0640:<br \/>\n\u2022 \u0627\u0644\u062d\u0648\u0627\u0645\u0644 \u0648\u0627\u0644\u0645\u0631\u0636\u0639\u0627\u062a.<br \/>\n\u2022 \u0627\u0644\u0623\u0634\u062e\u0627\u0635 \u0627\u0644\u0630\u064a\u0646 \u064a\u0639\u0627\u0646\u0648\u0646 \u0645\u0646 \u0627\u0644\u062d\u0633\u0627\u0633\u064a\u0629 \u0644\u0644\u0639\u0637\u0648\u0631 \u0623\u0648 \u0627\u0644\u0645\u0648\u0627\u062f \u0627\u0644\u062d\u0627\u0641\u0638\u0629.<\/p>","protected":false},"excerpt":{"rendered":"<p>\u0627\u0644\u0627\u0633\u0645: Protect &amp; Care<br \/>\n\u0627\u0644\u0646\u0648\u0639: \u0643\u0631\u064a\u0645 \u0645\u0632\u064a\u0644 \u0639\u0631\u0642 \u0637\u0628\u064a\u0639\u064a.<br \/>\n\u0627\u0644\u0639\u0644\u0627\u0645\u0629: LIMANORS (\u0644\u064a\u0645\u0627\u0646\u0648\u0631\u0633).<br \/>\n\u0627\u0644\u0627\u0633\u062a\u0639\u0645\u0627\u0644: \u0644\u0644\u0646\u0633\u0627\u0621 \u0648\u0627\u0644\u0631\u062c\u0627\u0644\u060c \u062e\u0635\u0648\u0635\u064b\u0627 \u0623\u0635\u062d\u0627\u0628 \u0627\u0644\u0628\u0634\u0631\u0629 \u0627\u0644\u062d\u0633\u0627\u0633\u0629.<\/p>","protected":false},"featured_media":43567,"comment_status":"open","ping_status":"closed","template":"","meta":[],"product_brand":[],"product_cat":[193],"product_tag":[],"class_list":{"0":"post-28677","1":"product","2":"type-product","3":"status-publish","4":"has-post-thumbnail","6":"product_cat-193","8":"first","9":"instock","10":"shipping-taxable","11":"purchasable","12":"product-type-simple"},"jetpack_sharing_enabled":true,"_links":{"self":[{"href":"https:\/\/limanors.com\/fr\/wp-json\/wp\/v2\/product\/28677","targetHints":{"allow":["GET"]}}],"collection":[{"href":"https:\/\/limanors.com\/fr\/wp-json\/wp\/v2\/product"}],"about":[{"href":"https:\/\/limanors.com\/fr\/wp-json\/wp\/v2\/types\/product"}],"replies":[{"embeddable":true,"href":"https:\/\/limanors.com\/fr\/wp-json\/wp\/v2\/comments?post=28677"}],"version-history":[{"count":2,"href":"https:\/\/limanors.com\/fr\/wp-json\/wp\/v2\/product\/28677\/revisions"}],"predecessor-version":[{"id":28846,"href":"https:\/\/limanors.com\/fr\/wp-json\/wp\/v2\/product\/28677\/revisions\/28846"}],"wp:featuredmedia":[{"embeddable":true,"href":"https:\/\/limanors.com\/fr\/wp-json\/wp\/v2\/media\/43567"}],"wp:attachment":[{"href":"https:\/\/limanors.com\/fr\/wp-json\/wp\/v2\/media?parent=28677"}],"wp:term":[{"taxonomy":"product_brand","embeddable":true,"href":"https:\/\/limanors.com\/fr\/wp-json\/wp\/v2\/product_brand?post=28677"},{"taxonomy":"product_cat","embeddable":true,"href":"https:\/\/limanors.com\/fr\/wp-json\/wp\/v2\/product_cat?post=28677"},{"taxonomy":"product_tag","embeddable":true,"href":"https:\/\/limanors.com\/fr\/wp-json\/wp\/v2\/product_tag?post=28677"}],"curies":[{"name":"wp","href":"https:\/\/api.w.org\/{rel}","templated":true}]}}