{"id":28623,"date":"2025-07-12T18:48:14","date_gmt":"2025-07-12T15:48:14","guid":{"rendered":"https:\/\/limanors.com\/?post_type=product&#038;p=28623"},"modified":"2026-04-04T18:09:41","modified_gmt":"2026-04-04T15:09:41","slug":"%d8%a8%d9%88%d9%83%d8%b3-%d8%a7%d9%84%d8%b9%d9%86%d8%a7%d9%8a%d8%a9-%d8%a8%d8%a7%d9%84%d9%82%d8%af%d9%85%d9%8a-%d9%88%d8%a7%d9%84%d8%aa%d8%b4%d9%82%d9%82%d8%a7%d8%aa-%d9%86%d8%b3%d8%ae%d8%a9","status":"publish","type":"product","link":"https:\/\/limanors.com\/fr\/product\/%d8%a8%d9%88%d9%83%d8%b3-%d8%a7%d9%84%d8%b9%d9%86%d8%a7%d9%8a%d8%a9-%d8%a8%d8%a7%d9%84%d9%82%d8%af%d9%85%d9%8a-%d9%88%d8%a7%d9%84%d8%aa%d8%b4%d9%82%d9%82%d8%a7%d8%aa-%d9%86%d8%b3%d8%ae%d8%a9\/","title":{"rendered":"\u0628\u0648\u0643\u0633 \u0627\u0644\u0639\u0646\u0627\u064a\u0629 \u0628\u0627\u0644\u0642\u062f\u0645\u064a\u0646 \u0648\u0627\u0644\u062a\u0634\u0642\u0642\u0627\u062a"},"content":{"rendered":"<p>1- Sel de pieds parfum\u00e9 \u00e0 l'huile essentielle de lavande<\/p>\n<ul>\n<li>Riche en huile de lavande naturelle connue pour ses propri\u00e9t\u00e9s<\/li>\n<li>\u0645\u0647\u062f\u0626 \u0644\u0644\u0639\u0635\u0627\u0628<\/li>\n<li>Avec st\u00e9rilisateur et d\u00e9sinfectant pour la peau<\/li>\n<li>D\u00e9tend les pieds endoloris apr\u00e8s une longue journ\u00e9e<\/li>\n<li>Hydrate et adoucit la peau rugueuse<\/li>\n<li>\u00c9claircit la couleur des pieds et \u00e9limine la fatigue<\/li>\n<\/ul>\n<p><strong>Utilisation : 1 cuill\u00e8re dans de l'eau ti\u00e8de + 15 minutes de trempage = soulagement et rafra\u00eechissement instantan\u00e9s<\/strong><\/p>\n<h4>\u2e3b<br \/>\n2- R\u00e2pe \u00e0 pieds professionnelle en bois<\/h4>\n<ul>\n<li>Efficace pour \u00e9liminer les peaux mortes et les callosit\u00e9s<\/li>\n<li>Conception ergonomique et double surface pour une exfoliation douce ou forte<\/li>\n<li>Aide \u00e0 lisser les talons d\u00e8s la premi\u00e8re utilisation<\/li>\n<\/ul>\n<p><strong>Utiliser imm\u00e9diatement apr\u00e8s le trempage, en effectuant des mouvements doux dans une seule direction.<\/strong><strong>\u00a0<\/strong><br \/>\n\u2e3b<\/p>\n<h4>3- Cr\u00e8me de traitement des fissures au beurre de karit\u00e9 et \u00e0 la lavande<\/h4>\n<ul>\n<li>Formule enrichie en huile essentielle de lavande + beurre de karit\u00e9<\/li>\n<li>Hydrate en profondeur, apaise les irritations et traite les fissures d\u00e8s la racine.<\/li>\n<li>Restaure la douceur naturelle des pieds d\u00e8s la premi\u00e8re semaine<\/li>\n<\/ul>\n<p><strong>Utilisez-le tous les soirs avec un l\u00e9ger massage et portez des chaussettes en coton pour dormir.<\/strong><\/p>\n<p>&nbsp;<\/p>\n<h4>Bienfaits de l'huile essentielle de lavande \u00e0 l'int\u00e9rieur de la bo\u00eete<\/h4>\n<ul>\n<li>St\u00e9rilise la peau et la prot\u00e8ge des champignons<\/li>\n<li>Hydrate et apaise les irritations apr\u00e8s l'exfoliation.<\/li>\n<li>Donne un parfum \u00e9l\u00e9gant et rafra\u00eechissant aux pieds<\/li>\n<li>Gu\u00e9rison des fissures et de la s\u00e9cheresse<\/li>\n<\/ul>\n<h4>R\u00e9sultat avec une utilisation r\u00e9guli\u00e8re<\/h4>\n<ul>\n<li>Mes talons sont doux comme ceux d'un b\u00e9b\u00e9<\/li>\n<li>Adieu les crevasses et la peau rugueuse<\/li>\n<li>Un confort complet apr\u00e8s le stress de la marche et de la station debout<\/li>\n<li>Parfum magnifique et rafra\u00eechissant, la meilleure huile de lavande<\/li>\n<\/ul>","protected":false},"excerpt":{"rendered":"<p>Parfait pour les filles d'\u00e9t\u00e9 qui aiment prendre soin de leurs pieds et dire adieu aux crevasses une bonne fois pour toutes !<\/p>","protected":false},"featured_media":43571,"comment_status":"open","ping_status":"closed","template":"","meta":[],"product_brand":[194],"product_cat":[193],"product_tag":[195],"class_list":{"0":"post-28623","1":"product","2":"type-product","3":"status-publish","4":"has-post-thumbnail","6":"product_brand-limanors","7":"product_cat-193","8":"product_tag-195","10":"first","11":"instock","12":"shipping-taxable","13":"purchasable","14":"product-type-simple"},"jetpack_sharing_enabled":true,"_links":{"self":[{"href":"https:\/\/limanors.com\/fr\/wp-json\/wp\/v2\/product\/28623","targetHints":{"allow":["GET"]}}],"collection":[{"href":"https:\/\/limanors.com\/fr\/wp-json\/wp\/v2\/product"}],"about":[{"href":"https:\/\/limanors.com\/fr\/wp-json\/wp\/v2\/types\/product"}],"replies":[{"embeddable":true,"href":"https:\/\/limanors.com\/fr\/wp-json\/wp\/v2\/comments?post=28623"}],"version-history":[{"count":3,"href":"https:\/\/limanors.com\/fr\/wp-json\/wp\/v2\/product\/28623\/revisions"}],"predecessor-version":[{"id":43574,"href":"https:\/\/limanors.com\/fr\/wp-json\/wp\/v2\/product\/28623\/revisions\/43574"}],"wp:featuredmedia":[{"embeddable":true,"href":"https:\/\/limanors.com\/fr\/wp-json\/wp\/v2\/media\/43571"}],"wp:attachment":[{"href":"https:\/\/limanors.com\/fr\/wp-json\/wp\/v2\/media?parent=28623"}],"wp:term":[{"taxonomy":"product_brand","embeddable":true,"href":"https:\/\/limanors.com\/fr\/wp-json\/wp\/v2\/product_brand?post=28623"},{"taxonomy":"product_cat","embeddable":true,"href":"https:\/\/limanors.com\/fr\/wp-json\/wp\/v2\/product_cat?post=28623"},{"taxonomy":"product_tag","embeddable":true,"href":"https:\/\/limanors.com\/fr\/wp-json\/wp\/v2\/product_tag?post=28623"}],"curies":[{"name":"wp","href":"https:\/\/api.w.org\/{rel}","templated":true}]}}