{"id":28200,"date":"2025-07-07T15:41:08","date_gmt":"2025-07-07T12:41:08","guid":{"rendered":"https:\/\/limanors.com\/?post_type=product&#038;p=28200"},"modified":"2026-04-04T18:10:35","modified_gmt":"2026-04-04T15:10:35","slug":"%d8%a8%d9%88%d9%83%d8%b3-%d8%a7%d9%84%d9%86%d9%8a%d9%84%d8%a9-%d9%84%d8%aa%d8%a8%d9%8a%d9%8a%d8%b6-%d8%a7%d9%84%d8%a8%d8%b4%d8%b1%d8%a9","status":"publish","type":"product","link":"https:\/\/limanors.com\/fr\/product\/%d8%a8%d9%88%d9%83%d8%b3-%d8%a7%d9%84%d9%86%d9%8a%d9%84%d8%a9-%d9%84%d8%aa%d8%a8%d9%8a%d9%8a%d8%b6-%d8%a7%d9%84%d8%a8%d8%b4%d8%b1%d8%a9\/","title":{"rendered":"\u0628\u0648\u0643\u0633 \u0627\u0644\u0646\u064a\u0644\u0629"},"content":{"rendered":"<p>&nbsp;<\/p>\n<h4>\u2022 Nourrit et nettoie la peau sans la dess\u00e9cher.<\/h4>\n<ol>\n<li>Nettoie la peau en douceur et en profondeur<\/li>\n<li>\u00c9limine les impuret\u00e9s et l'exc\u00e8s de s\u00e9bum<\/li>\n<li>Aide \u00e0 \u00e9claircir progressivement la peau et \u00e0 uniformiser son teint.<\/li>\n<li>Contient de la glyc\u00e9rine pour hydrater la peau et pr\u00e9venir le dess\u00e8chement<\/li>\n<li>Id\u00e9al pour les peaux sensibles et grasses<br \/>\n\u2e3b<\/li>\n<\/ol>\n<h4>2. (rose de Eau (eau de rose 100% naturelle<\/h4>\n<ol>\n<li>Rafra\u00eechit et raffermit la peau<\/li>\n<li>Pour la peau (pH) (\u00e9quilibre le niveau d'acidit\u00e9<\/li>\n<li>Utiliser comme nettoyant naturel ou tonique apr\u00e8s le lavage.<\/li>\n<li>Pr\u00e9pare la peau \u00e0 absorber les produits restants.<\/li>\n<\/ol>\n<p>\u2e3b<\/p>\n<h4>S\u00e9rum Glow \u2728 3.<\/h4>\n<ul>\n<li>Riche en ingr\u00e9dients naturels pour \u00e9claircir la peau et rehausser son \u00e9clat<\/li>\n<li>Traite les taches brunes et les dommages caus\u00e9s par le soleil<\/li>\n<li>Donne \u00e0 la peau une texture lisse et un \u00e9clat sain.<\/li>\n<li>Utiliser le soir ou le matin avant la cr\u00e8me ou le masque.<\/li>\n<\/ul>\n<p>&nbsp;<\/p>\n<h4>(Nila Masque (Masque Bleu Indigo 4.<\/h4>\n<ol>\n<li>L'ingr\u00e9dient principal de ce coffret s'utilise sur le visage ou le corps pour blanchir les zones sombres (genoux, coudes, aisselles, mains).<\/li>\n<li>Riche en indigo pur + pliage naturel<\/li>\n<\/ol>\n<p>Il donne des r\u00e9sultats clairs d\u00e8s la premi\u00e8re utilisation pour \u00e9claircir et unifier le teint.<br \/>\n\u2e3b<\/p>\n<h5>Mode d'emploi : (routine sugg\u00e9r\u00e9e)<\/h5>\n<ol>\n<li>Lavez votre visage\/corps avec du savon indigo.<\/li>\n<li>Vaporisez de l\u2019eau de rose sur votre peau et laissez s\u00e9cher.<\/li>\n<li>Appliquer le s\u00e9rum par de l\u00e9gers mouvements circulaires.<\/li>\n<li>Appliquez le masque indigo deux fois par semaine et laissez poser 10 \u00e0 15 minutes.<\/li>\n<li>Laver \u00e0 l'eau ti\u00e8de, puis arroser \u00e0 nouveau d'eau de rose.<br \/>\n\u2e3b<\/li>\n<\/ol>\n<p>&nbsp;<\/p>\n<h4>Avantages de la boxe en g\u00e9n\u00e9ral<\/h4>\n<ul>\n<li>Unifier le teint<\/li>\n<li>\u00c9claircissement naturel et s\u00fbr<\/li>\n<li>\u062a\u0631\u0637\u064a\u0628 \u0648\u062a\u0646\u0642\u064a\u0629 \u0627\u0644\u0628\u0634\u0631\u0629<\/li>\n<li>Convient \u00e0 tous les types de peau<\/li>\n<\/ul>","protected":false},"excerpt":{"rendered":"<h4>\u2022 Nourrit et nettoie la peau sans la dess\u00e9cher.<\/h4>\n<ol>\n<li>Nettoie la peau en douceur et en profondeur<\/li>\n<li>\u00c9limine les impuret\u00e9s et l'exc\u00e8s de s\u00e9bum<\/li>\n<li>Aide \u00e0 \u00e9claircir progressivement la peau et \u00e0 uniformiser son teint.<\/li>\n<li>Contient de la glyc\u00e9rine pour hydrater la peau et pr\u00e9venir le dess\u00e8chement<\/li>\n<li>Id\u00e9al pour les peaux sensibles et grasses<\/li>\n<\/ol>","protected":false},"featured_media":43575,"comment_status":"open","ping_status":"closed","template":"","meta":[],"product_brand":[194],"product_cat":[196,197],"product_tag":[195],"class_list":{"0":"post-28200","1":"product","2":"type-product","3":"status-publish","4":"has-post-thumbnail","6":"product_brand-limanors","7":"product_cat-196","8":"product_cat-197","9":"product_tag-195","11":"first","12":"instock","13":"shipping-taxable","14":"purchasable","15":"product-type-simple"},"jetpack_sharing_enabled":true,"_links":{"self":[{"href":"https:\/\/limanors.com\/fr\/wp-json\/wp\/v2\/product\/28200","targetHints":{"allow":["GET"]}}],"collection":[{"href":"https:\/\/limanors.com\/fr\/wp-json\/wp\/v2\/product"}],"about":[{"href":"https:\/\/limanors.com\/fr\/wp-json\/wp\/v2\/types\/product"}],"replies":[{"embeddable":true,"href":"https:\/\/limanors.com\/fr\/wp-json\/wp\/v2\/comments?post=28200"}],"version-history":[{"count":2,"href":"https:\/\/limanors.com\/fr\/wp-json\/wp\/v2\/product\/28200\/revisions"}],"predecessor-version":[{"id":28998,"href":"https:\/\/limanors.com\/fr\/wp-json\/wp\/v2\/product\/28200\/revisions\/28998"}],"wp:featuredmedia":[{"embeddable":true,"href":"https:\/\/limanors.com\/fr\/wp-json\/wp\/v2\/media\/43575"}],"wp:attachment":[{"href":"https:\/\/limanors.com\/fr\/wp-json\/wp\/v2\/media?parent=28200"}],"wp:term":[{"taxonomy":"product_brand","embeddable":true,"href":"https:\/\/limanors.com\/fr\/wp-json\/wp\/v2\/product_brand?post=28200"},{"taxonomy":"product_cat","embeddable":true,"href":"https:\/\/limanors.com\/fr\/wp-json\/wp\/v2\/product_cat?post=28200"},{"taxonomy":"product_tag","embeddable":true,"href":"https:\/\/limanors.com\/fr\/wp-json\/wp\/v2\/product_tag?post=28200"}],"curies":[{"name":"wp","href":"https:\/\/api.w.org\/{rel}","templated":true}]}}