{"id":28196,"date":"2025-07-07T15:24:07","date_gmt":"2025-07-07T12:24:07","guid":{"rendered":"https:\/\/limanors.com\/?post_type=product&#038;p=28196"},"modified":"2026-04-04T18:11:14","modified_gmt":"2026-04-04T15:11:14","slug":"%d8%a8%d9%88%d9%83%d8%b3-%d8%a7%d9%84%d8%aa%d9%8a%d9%86-%d8%a7%d9%84%d8%b4%d9%88%d9%83%d9%8a-%d8%b9%d9%86%d8%a7%d9%8a%d8%a9-%d8%b7%d8%a8%d9%8a%d8%b9%d9%8a%d8%a9-%d9%84%d8%a8%d8%b4%d8%b1","status":"publish","type":"product","link":"https:\/\/limanors.com\/fr\/product\/%d8%a8%d9%88%d9%83%d8%b3-%d8%a7%d9%84%d8%aa%d9%8a%d9%86-%d8%a7%d9%84%d8%b4%d9%88%d9%83%d9%8a-%d8%b9%d9%86%d8%a7%d9%8a%d8%a9-%d8%b7%d8%a8%d9%8a%d8%b9%d9%8a%d8%a9-%d9%84%d8%a8%d8%b4%d8%b1\/","title":{"rendered":"\u0628\u0648\u0643\u0633 \u0627\u0644\u062a\u064a\u0646"},"content":{"rendered":"<h3>\u2e3b<br \/>\nBox de figues de Barbarie - Soins naturels pour une peau nette et sans boutons<br \/>\n\ufffd<\/h3>\n<p>Formule 100% naturelle sp\u00e9cialement con\u00e7ue pour purifier la peau, apaiser les inflammations et nettoyer les pores en profondeur.<br \/>\nConvient parfaitement aux personnes ayant une peau sujette aux boutons et aux imperfections cutan\u00e9es \u2705<\/p>\n<ol>\n<li>Apaise les rougeurs et les inflammations<\/li>\n<li>R\u00e9duit l'apparence des points noirs et des boutons<\/li>\n<li>Aide \u00e0 r\u00e9guler la s\u00e9cr\u00e9tion de s\u00e9bum<\/li>\n<li>Nettoie la peau en profondeur sans la dess\u00e9cher.<\/li>\n<\/ol>\n<h4>Contenu de la bo\u00eete<\/h4>\n<p>S\u00e9rum Glow \u2013 S\u00e9rum \u00c9clat Naturel (30 ml)<br \/>\nContient:<br \/>\n\u2022 Huile d\u2019amande douce : nourrit et apaise la peau.<br \/>\n\u2022 Huile de germe de bl\u00e9 : riche en vitamine E et favorise le renouvellement cellulaire de la peau.<br \/>\n\u2022 Huile de graines de tournesol : hydrate et adoucit la peau.<br \/>\n\u2022 Vitamine E : un antioxydant qui combat les radicaux libres.<br \/>\n\u2022 Id\u00e9al pour \u00e9claircir, hydrater et unifier le teint.<br \/>\n\u2022 N'obstrue pas les pores, convient aux peaux \u00e0 tendance acn\u00e9ique.<\/p>\n<h4>Masque du figuier de Barbarie 2.<\/h4>\n<p>Un masque nettoyant naturel en profondeur qui \u00e9limine les impuret\u00e9s et purifie les toxines.<br \/>\nContient des extraits de plantes hydratants et apaisants.<br \/>\n\u2022 Laisse la peau rafra\u00eechie, propre et tendue.<br \/>\n(100 ml (eau de rose naturelle 3.<br \/>\n\u2022 Tonique hydratant et rafra\u00eechissant 100 % naturel.<br \/>\n\u2022 Nettoie en douceur et r\u00e9\u00e9quilibre la peau apr\u00e8s le lavage ou le masque.<br \/>\n\u2022 Convient \u00e0 tous les types de peau, m\u00eame sensibles.<br \/>\n(Glycerin\u00e9 Savon (Savon Glyc\u00e9rine \u00e0 la Figue de Barbarie 4.<br \/>\n\u2022 Savon v\u00e9g\u00e9tal doux pour la peau.<br \/>\n\u2022 Riche en antioxydants naturels.<br \/>\n\u2022 Nourrit et nettoie la peau sans la dess\u00e9cher.<\/p>","protected":false},"excerpt":{"rendered":"<p>Formule 100% naturelle sp\u00e9cialement con\u00e7ue pour purifier la peau, apaiser les inflammations et nettoyer les pores en profondeur.<\/p>\n<p>Convient parfaitement aux personnes ayant une peau sujette aux boutons et aux imperfections cutan\u00e9es \u2705<br \/>\nApaise les rougeurs et les inflammations.<br \/>\nR\u00e9duit l'apparence des points noirs et des boutons.<br \/>\nAide \u00e0 r\u00e9guler la s\u00e9cr\u00e9tion de s\u00e9bum.<br \/>\nNettoie la peau en profondeur sans la dess\u00e9cher.<\/p>","protected":false},"featured_media":43577,"comment_status":"open","ping_status":"closed","template":"","meta":[],"product_brand":[194],"product_cat":[196,197],"product_tag":[195],"class_list":{"0":"post-28196","1":"product","2":"type-product","3":"status-publish","4":"has-post-thumbnail","6":"product_brand-limanors","7":"product_cat-196","8":"product_cat-197","9":"product_tag-195","11":"first","12":"instock","13":"shipping-taxable","14":"purchasable","15":"product-type-simple"},"jetpack_sharing_enabled":true,"_links":{"self":[{"href":"https:\/\/limanors.com\/fr\/wp-json\/wp\/v2\/product\/28196","targetHints":{"allow":["GET"]}}],"collection":[{"href":"https:\/\/limanors.com\/fr\/wp-json\/wp\/v2\/product"}],"about":[{"href":"https:\/\/limanors.com\/fr\/wp-json\/wp\/v2\/types\/product"}],"replies":[{"embeddable":true,"href":"https:\/\/limanors.com\/fr\/wp-json\/wp\/v2\/comments?post=28196"}],"version-history":[{"count":5,"href":"https:\/\/limanors.com\/fr\/wp-json\/wp\/v2\/product\/28196\/revisions"}],"predecessor-version":[{"id":34600,"href":"https:\/\/limanors.com\/fr\/wp-json\/wp\/v2\/product\/28196\/revisions\/34600"}],"wp:featuredmedia":[{"embeddable":true,"href":"https:\/\/limanors.com\/fr\/wp-json\/wp\/v2\/media\/43577"}],"wp:attachment":[{"href":"https:\/\/limanors.com\/fr\/wp-json\/wp\/v2\/media?parent=28196"}],"wp:term":[{"taxonomy":"product_brand","embeddable":true,"href":"https:\/\/limanors.com\/fr\/wp-json\/wp\/v2\/product_brand?post=28196"},{"taxonomy":"product_cat","embeddable":true,"href":"https:\/\/limanors.com\/fr\/wp-json\/wp\/v2\/product_cat?post=28196"},{"taxonomy":"product_tag","embeddable":true,"href":"https:\/\/limanors.com\/fr\/wp-json\/wp\/v2\/product_tag?post=28196"}],"curies":[{"name":"wp","href":"https:\/\/api.w.org\/{rel}","templated":true}]}}